{"id":12,"date":"2008-11-23T19:42:19","date_gmt":"2008-11-23T18:42:19","guid":{"rendered":"http:\/\/www.mtr-reinsberg.de\/mtrpress\/?page_id=12"},"modified":"2021-03-03T12:20:39","modified_gmt":"2021-03-03T11:20:39","slug":"kontakt","status":"publish","type":"page","link":"https:\/\/www.mtr-reinsberg.de\/mtrpress\/kontakt","title":{"rendered":"Kontakt"},"content":{"rendered":"<p style=\"text-align: left;\">Wir stehen Ihnen f\u00fcr Ihre Fragen und Anregungen zur Verf\u00fcgung. Rufen Sie uns an unter 040\/7208052 zwischen<br \/>\n8.00 &#8211; 12.00\u00a0 und 13.00 &#8211; 18.00 Uhr oder f\u00fcllen Sie das email-Formular aus.<\/p>\n<p><!--cforms name=\"Kontakt\"--><\/p>\n<p>Ich bin damit einverstanden, dass die Firma Motor Technik Reinsberg meine Daten f\u00fcr eine Kontakaufnahme elektronisch verarbeitet. Die Daten werden nach den geltenden Datenschutzbedingungen verarbeitet. Diese Einwilligung kann jederzeit widerrufen werden.<\/p>\n<div class=\"wpforms-container wpforms-container-full\" id=\"wpforms-1984\"><form id=\"wpforms-form-1984\" class=\"wpforms-validate wpforms-form\" data-formid=\"1984\" method=\"post\" enctype=\"multipart\/form-data\" action=\"\/mtrpress\/wp-json\/wp\/v2\/pages\/12\" data-token=\"f47eb5d055ad0d01ac652e7aa3caff50\" data-token-time=\"1777538510\"><noscript class=\"wpforms-error-noscript\">Bitte aktiviere JavaScript in deinem Browser, um dieses Formular fertigzustellen.<\/noscript><div class=\"wpforms-field-container\"><div id=\"wpforms-1984-field_0-container\" class=\"wpforms-field wpforms-field-name\" data-field-id=\"0\"><label class=\"wpforms-field-label\" for=\"wpforms-1984-field_0\">Name <span class=\"wpforms-required-label\">*<\/span><\/label><div class=\"wpforms-field-row wpforms-field-medium\"><div class=\"wpforms-field-row-block wpforms-first wpforms-one-half\"><input type=\"text\" id=\"wpforms-1984-field_0\" class=\"wpforms-field-name-first wpforms-field-required\" name=\"wpforms[fields][0][first]\" required><label for=\"wpforms-1984-field_0\" class=\"wpforms-field-sublabel after\">Vorname<\/label><\/div><div class=\"wpforms-field-row-block wpforms-one-half\"><input type=\"text\" id=\"wpforms-1984-field_0-last\" class=\"wpforms-field-name-last wpforms-field-required\" name=\"wpforms[fields][0][last]\" required><label for=\"wpforms-1984-field_0-last\" class=\"wpforms-field-sublabel after\">Nachname<\/label><\/div><\/div><\/div><div id=\"wpforms-1984-field_1-container\" class=\"wpforms-field wpforms-field-email\" data-field-id=\"1\"><label class=\"wpforms-field-label\" for=\"wpforms-1984-field_1\">E-Mail <span class=\"wpforms-required-label\">*<\/span><\/label><input type=\"email\" id=\"wpforms-1984-field_1\" class=\"wpforms-field-medium wpforms-field-required\" name=\"wpforms[fields][1]\" spellcheck=\"false\" required><\/div><div id=\"wpforms-1984-field_2-container\" class=\"wpforms-field wpforms-field-textarea\" data-field-id=\"2\"><label class=\"wpforms-field-label\" for=\"wpforms-1984-field_2\">Kommentar oder Nachricht <span class=\"wpforms-required-label\">*<\/span><\/label><textarea id=\"wpforms-1984-field_2\" class=\"wpforms-field-medium wpforms-field-required\" name=\"wpforms[fields][2]\" required><\/textarea><\/div><\/div><!-- .wpforms-field-container --><div class=\"wpforms-field wpforms-field-hp\"><label for=\"wpforms-1984-field-hp\" class=\"wpforms-field-label\">Email<\/label><input type=\"text\" name=\"wpforms[hp]\" id=\"wpforms-1984-field-hp\" class=\"wpforms-field-medium\"><\/div><div class=\"wpforms-submit-container\" ><input type=\"hidden\" name=\"wpforms[id]\" value=\"1984\"><input type=\"hidden\" name=\"page_title\" value=\"\"><input type=\"hidden\" name=\"page_url\" value=\"https:\/\/www.mtr-reinsberg.de\/mtrpress\/wp-json\/wp\/v2\/pages\/12\"><button type=\"submit\" name=\"wpforms[submit]\" id=\"wpforms-submit-1984\" class=\"wpforms-submit\" data-alt-text=\"Senden...\" data-submit-text=\"Absenden\" aria-live=\"assertive\" value=\"wpforms-submit\">Absenden<\/button><\/div><\/form><\/div>  <!-- .wpforms-container -->\n","protected":false},"excerpt":{"rendered":"<p>Wir stehen Ihnen f\u00fcr Ihre Fragen und Anregungen zur Verf\u00fcgung. Rufen Sie uns an unter 040\/7208052 zwischen 8.00 &#8211; 12.00\u00a0 und 13.00 &#8211; 18.00 Uhr oder f\u00fcllen Sie das email-Formular aus. Ich bin damit einverstanden, dass die Firma Motor Technik Reinsberg meine Daten f\u00fcr eine Kontakaufnahme elektronisch verarbeitet. Die Daten werden nach den geltenden Datenschutzbedingungen [&hellip;]<\/p>\n","protected":false},"author":1,"featured_media":0,"parent":0,"menu_order":6,"comment_status":"closed","ping_status":"closed","template":"","meta":{"ngg_post_thumbnail":0,"footnotes":""},"class_list":["post-12","page","type-page","status-publish","hentry"],"yoast_head":"<!-- This site is optimized with the Yoast SEO plugin v21.5 - https:\/\/yoast.com\/wordpress\/plugins\/seo\/ -->\n<title>Kontakt - MTR-Reinsberg - Seit \u00fcber 30 Jahren Motorroller in Hamburg<\/title>\n<meta name=\"robots\" content=\"index, follow, max-snippet:-1, max-image-preview:large, max-video-preview:-1\" \/>\n<link rel=\"canonical\" href=\"https:\/\/www.mtr-reinsberg.de\/mtrpress\/kontakt\" \/>\n<meta property=\"og:locale\" content=\"de_DE\" \/>\n<meta property=\"og:type\" content=\"article\" \/>\n<meta property=\"og:title\" content=\"Kontakt - MTR-Reinsberg - Seit \u00fcber 30 Jahren Motorroller in Hamburg\" \/>\n<meta property=\"og:description\" content=\"Wir stehen Ihnen f\u00fcr Ihre Fragen und Anregungen zur Verf\u00fcgung. Rufen Sie uns an unter 040\/7208052 zwischen 8.00 &#8211; 12.00\u00a0 und 13.00 &#8211; 18.00 Uhr oder f\u00fcllen Sie das email-Formular aus. Ich bin damit einverstanden, dass die Firma Motor Technik Reinsberg meine Daten f\u00fcr eine Kontakaufnahme elektronisch verarbeitet. Die Daten werden nach den geltenden Datenschutzbedingungen [&hellip;]\" \/>\n<meta property=\"og:url\" content=\"https:\/\/www.mtr-reinsberg.de\/mtrpress\/kontakt\" \/>\n<meta property=\"og:site_name\" content=\"MTR-Reinsberg - Seit \u00fcber 30 Jahren Motorroller in Hamburg\" \/>\n<meta property=\"article:modified_time\" content=\"2021-03-03T11:20:39+00:00\" \/>\n<meta name=\"twitter:card\" content=\"summary_large_image\" \/>\n<script type=\"application\/ld+json\" class=\"yoast-schema-graph\">{\"@context\":\"https:\/\/schema.org\",\"@graph\":[{\"@type\":\"WebPage\",\"@id\":\"https:\/\/www.mtr-reinsberg.de\/mtrpress\/kontakt\",\"url\":\"https:\/\/www.mtr-reinsberg.de\/mtrpress\/kontakt\",\"name\":\"Kontakt - MTR-Reinsberg - Seit \u00fcber 30 Jahren Motorroller in Hamburg\",\"isPartOf\":{\"@id\":\"https:\/\/www.mtr-reinsberg.de\/mtrpress\/#website\"},\"datePublished\":\"2008-11-23T18:42:19+00:00\",\"dateModified\":\"2021-03-03T11:20:39+00:00\",\"breadcrumb\":{\"@id\":\"https:\/\/www.mtr-reinsberg.de\/mtrpress\/kontakt#breadcrumb\"},\"inLanguage\":\"de\",\"potentialAction\":[{\"@type\":\"ReadAction\",\"target\":[\"https:\/\/www.mtr-reinsberg.de\/mtrpress\/kontakt\"]}]},{\"@type\":\"BreadcrumbList\",\"@id\":\"https:\/\/www.mtr-reinsberg.de\/mtrpress\/kontakt#breadcrumb\",\"itemListElement\":[{\"@type\":\"ListItem\",\"position\":1,\"name\":\"Startseite\",\"item\":\"https:\/\/www.mtr-reinsberg.de\/mtrpress\/\"},{\"@type\":\"ListItem\",\"position\":2,\"name\":\"Kontakt\"}]},{\"@type\":\"WebSite\",\"@id\":\"https:\/\/www.mtr-reinsberg.de\/mtrpress\/#website\",\"url\":\"https:\/\/www.mtr-reinsberg.de\/mtrpress\/\",\"name\":\"MTR-Reinsberg - Seit \u00fcber 30 Jahren Motorroller in Hamburg\",\"description\":\"SYM-, Luxxon-, und Prike Vertragsh\u00e4ndler sowie Servicewerkstatt f\u00fcr Piaggio, Vespa, Kymco und Peugeot\",\"publisher\":{\"@id\":\"https:\/\/www.mtr-reinsberg.de\/mtrpress\/#organization\"},\"potentialAction\":[{\"@type\":\"SearchAction\",\"target\":{\"@type\":\"EntryPoint\",\"urlTemplate\":\"https:\/\/www.mtr-reinsberg.de\/mtrpress\/?s={search_term_string}\"},\"query-input\":\"required name=search_term_string\"}],\"inLanguage\":\"de\"},{\"@type\":\"Organization\",\"@id\":\"https:\/\/www.mtr-reinsberg.de\/mtrpress\/#organization\",\"name\":\"MTR-Reinsberg\",\"url\":\"https:\/\/www.mtr-reinsberg.de\/mtrpress\/\",\"logo\":{\"@type\":\"ImageObject\",\"inLanguage\":\"de\",\"@id\":\"https:\/\/www.mtr-reinsberg.de\/mtrpress\/#\/schema\/logo\/image\/\",\"url\":\"https:\/\/www.mtr-reinsberg.de\/mtrpress\/wp-content\/uploads\/2019\/05\/cropped-Logo-neu.jpg\",\"contentUrl\":\"https:\/\/www.mtr-reinsberg.de\/mtrpress\/wp-content\/uploads\/2019\/05\/cropped-Logo-neu.jpg\",\"width\":331,\"height\":263,\"caption\":\"MTR-Reinsberg\"},\"image\":{\"@id\":\"https:\/\/www.mtr-reinsberg.de\/mtrpress\/#\/schema\/logo\/image\/\"}}]}<\/script>\n<!-- \/ Yoast SEO plugin. -->","yoast_head_json":{"title":"Kontakt - MTR-Reinsberg - Seit \u00fcber 30 Jahren Motorroller in Hamburg","robots":{"index":"index","follow":"follow","max-snippet":"max-snippet:-1","max-image-preview":"max-image-preview:large","max-video-preview":"max-video-preview:-1"},"canonical":"https:\/\/www.mtr-reinsberg.de\/mtrpress\/kontakt","og_locale":"de_DE","og_type":"article","og_title":"Kontakt - MTR-Reinsberg - Seit \u00fcber 30 Jahren Motorroller in Hamburg","og_description":"Wir stehen Ihnen f\u00fcr Ihre Fragen und Anregungen zur Verf\u00fcgung. Rufen Sie uns an unter 040\/7208052 zwischen 8.00 &#8211; 12.00\u00a0 und 13.00 &#8211; 18.00 Uhr oder f\u00fcllen Sie das email-Formular aus. Ich bin damit einverstanden, dass die Firma Motor Technik Reinsberg meine Daten f\u00fcr eine Kontakaufnahme elektronisch verarbeitet. Die Daten werden nach den geltenden Datenschutzbedingungen [&hellip;]","og_url":"https:\/\/www.mtr-reinsberg.de\/mtrpress\/kontakt","og_site_name":"MTR-Reinsberg - Seit \u00fcber 30 Jahren Motorroller in Hamburg","article_modified_time":"2021-03-03T11:20:39+00:00","twitter_card":"summary_large_image","schema":{"@context":"https:\/\/schema.org","@graph":[{"@type":"WebPage","@id":"https:\/\/www.mtr-reinsberg.de\/mtrpress\/kontakt","url":"https:\/\/www.mtr-reinsberg.de\/mtrpress\/kontakt","name":"Kontakt - MTR-Reinsberg - Seit \u00fcber 30 Jahren Motorroller in Hamburg","isPartOf":{"@id":"https:\/\/www.mtr-reinsberg.de\/mtrpress\/#website"},"datePublished":"2008-11-23T18:42:19+00:00","dateModified":"2021-03-03T11:20:39+00:00","breadcrumb":{"@id":"https:\/\/www.mtr-reinsberg.de\/mtrpress\/kontakt#breadcrumb"},"inLanguage":"de","potentialAction":[{"@type":"ReadAction","target":["https:\/\/www.mtr-reinsberg.de\/mtrpress\/kontakt"]}]},{"@type":"BreadcrumbList","@id":"https:\/\/www.mtr-reinsberg.de\/mtrpress\/kontakt#breadcrumb","itemListElement":[{"@type":"ListItem","position":1,"name":"Startseite","item":"https:\/\/www.mtr-reinsberg.de\/mtrpress\/"},{"@type":"ListItem","position":2,"name":"Kontakt"}]},{"@type":"WebSite","@id":"https:\/\/www.mtr-reinsberg.de\/mtrpress\/#website","url":"https:\/\/www.mtr-reinsberg.de\/mtrpress\/","name":"MTR-Reinsberg - Seit \u00fcber 30 Jahren Motorroller in Hamburg","description":"SYM-, Luxxon-, und Prike Vertragsh\u00e4ndler sowie Servicewerkstatt f\u00fcr Piaggio, Vespa, Kymco und Peugeot","publisher":{"@id":"https:\/\/www.mtr-reinsberg.de\/mtrpress\/#organization"},"potentialAction":[{"@type":"SearchAction","target":{"@type":"EntryPoint","urlTemplate":"https:\/\/www.mtr-reinsberg.de\/mtrpress\/?s={search_term_string}"},"query-input":"required name=search_term_string"}],"inLanguage":"de"},{"@type":"Organization","@id":"https:\/\/www.mtr-reinsberg.de\/mtrpress\/#organization","name":"MTR-Reinsberg","url":"https:\/\/www.mtr-reinsberg.de\/mtrpress\/","logo":{"@type":"ImageObject","inLanguage":"de","@id":"https:\/\/www.mtr-reinsberg.de\/mtrpress\/#\/schema\/logo\/image\/","url":"https:\/\/www.mtr-reinsberg.de\/mtrpress\/wp-content\/uploads\/2019\/05\/cropped-Logo-neu.jpg","contentUrl":"https:\/\/www.mtr-reinsberg.de\/mtrpress\/wp-content\/uploads\/2019\/05\/cropped-Logo-neu.jpg","width":331,"height":263,"caption":"MTR-Reinsberg"},"image":{"@id":"https:\/\/www.mtr-reinsberg.de\/mtrpress\/#\/schema\/logo\/image\/"}}]}},"_links":{"self":[{"href":"https:\/\/www.mtr-reinsberg.de\/mtrpress\/wp-json\/wp\/v2\/pages\/12","targetHints":{"allow":["GET"]}}],"collection":[{"href":"https:\/\/www.mtr-reinsberg.de\/mtrpress\/wp-json\/wp\/v2\/pages"}],"about":[{"href":"https:\/\/www.mtr-reinsberg.de\/mtrpress\/wp-json\/wp\/v2\/types\/page"}],"author":[{"embeddable":true,"href":"https:\/\/www.mtr-reinsberg.de\/mtrpress\/wp-json\/wp\/v2\/users\/1"}],"replies":[{"embeddable":true,"href":"https:\/\/www.mtr-reinsberg.de\/mtrpress\/wp-json\/wp\/v2\/comments?post=12"}],"version-history":[{"count":16,"href":"https:\/\/www.mtr-reinsberg.de\/mtrpress\/wp-json\/wp\/v2\/pages\/12\/revisions"}],"predecessor-version":[{"id":2342,"href":"https:\/\/www.mtr-reinsberg.de\/mtrpress\/wp-json\/wp\/v2\/pages\/12\/revisions\/2342"}],"wp:attachment":[{"href":"https:\/\/www.mtr-reinsberg.de\/mtrpress\/wp-json\/wp\/v2\/media?parent=12"}],"curies":[{"name":"wp","href":"https:\/\/api.w.org\/{rel}","templated":true}]}}