{"id":1656,"date":"2018-05-30T12:16:42","date_gmt":"2018-05-30T11:16:42","guid":{"rendered":"https:\/\/www.mtr-reinsberg.de\/mtrpress\/?page_id=1656"},"modified":"2024-12-05T14:18:06","modified_gmt":"2024-12-05T13:18:06","slug":"sym-motor","status":"publish","type":"page","link":"https:\/\/www.mtr-reinsberg.de\/mtrpress\/produkte\/sym-motor","title":{"rendered":"Sym-Motor"},"content":{"rendered":"<p><img loading=\"lazy\" decoding=\"async\" class=\"wp-image-1658 alignnone\" src=\"https:\/\/www.mtr-reinsberg.de\/mtrpress\/wp-content\/uploads\/2018\/05\/Sym-logo-new-2016.jpg\" alt=\"\" width=\"244\" height=\"141\" srcset=\"https:\/\/www.mtr-reinsberg.de\/mtrpress\/wp-content\/uploads\/2018\/05\/Sym-logo-new-2016.jpg 1181w, https:\/\/www.mtr-reinsberg.de\/mtrpress\/wp-content\/uploads\/2018\/05\/Sym-logo-new-2016-300x173.jpg 300w, https:\/\/www.mtr-reinsberg.de\/mtrpress\/wp-content\/uploads\/2018\/05\/Sym-logo-new-2016-768x443.jpg 768w, https:\/\/www.mtr-reinsberg.de\/mtrpress\/wp-content\/uploads\/2018\/05\/Sym-logo-new-2016-1024x590.jpg 1024w\" sizes=\"auto, (max-width: 244px) 100vw, 244px\" \/><\/p>\n<p>&nbsp;<\/p>\n<p>Seit \u00fcber 60 Jahren produziert SYM Zweir\u00e4der. Heute z\u00e4hlt der taiwanesische Konzern mit \u00fcber 500.000 produzierten Fahrzeugen, zu den gro\u00dfen Herstellern der Zweiradbranche. Mit der Zertifizierung nach den strengen Kriterien ISO 9001 und ISO 9002 verpflichtet sich SYM, zu gleich bleibend hohem Qualit\u00e4tsstandard.<\/p>\n<p>Das Entwicklungszentrum sorgt f\u00fcr st\u00e4ndige Weiterentwicklung und Erneuerung der Modellpalette. Mit innovativen Ideen beleben wir st\u00e4ndig den Zweiradmarkt. Sie als K\u00e4ufer k\u00f6nnen unter einer Vielzahl von Modellen zwischen 50cm\u00b3 und 600cm\u00b3 Hubraum w\u00e4hlen, bei denen das Preis-Leistungsverh\u00e4ltnis stimmt.<\/p>\n<p>Wir laden Sie ein, sich von unserem hohen Qualit\u00e4tsstandard zu \u00fcberzeugen.<\/p>\n<p><a href=\"https:\/\/sym-motor.de\/?gad_source=1&#038;gclid=Cj0KCQiAu8W6BhC-ARIsACEQoDA2-IHOaQR5zyxwXT6PSF01DcidDSrhQ46017lJKIdVXeeeuCKBOQoaArNzEALw_wcB\/\"><img loading=\"lazy\" decoding=\"async\" class=\"aligncenter wp-image-1660\" src=\"https:\/\/www.mtr-reinsberg.de\/mtrpress\/wp-content\/uploads\/2018\/05\/JET14-Blau-BU-289S-600x424.png\" alt=\"\" width=\"308\" height=\"217\" srcset=\"https:\/\/www.mtr-reinsberg.de\/mtrpress\/wp-content\/uploads\/2018\/05\/JET14-Blau-BU-289S-600x424.png 600w, https:\/\/www.mtr-reinsberg.de\/mtrpress\/wp-content\/uploads\/2018\/05\/JET14-Blau-BU-289S-600x424-300x212.png 300w\" sizes=\"auto, (max-width: 308px) 100vw, 308px\" \/><\/a><\/p>\n<p>Bitte Bild anklicken ! Durch Anklicken des Bildes werden Sie zur aktuellen Produktpalette auf www.sym.de weitergeleitet.<\/p>\n<p>Alle Markennamen, Logos und Fahrzeugbilder sind Eigentum des jeweiligen Herstellers und urheberrechtlich gesch\u00fctzt. Jegliches Kopieren oder Benutzen dieser darf nur durch ausdr\u00fcckliche Erlaubnis des jeweiligen Herstellers geschehen.<\/p>\n<p>&nbsp;<\/p>\n","protected":false},"excerpt":{"rendered":"<p>&nbsp; Seit \u00fcber 60 Jahren produziert SYM Zweir\u00e4der. Heute z\u00e4hlt der taiwanesische Konzern mit \u00fcber 500.000 produzierten Fahrzeugen, zu den gro\u00dfen Herstellern der Zweiradbranche. Mit der Zertifizierung nach den strengen Kriterien ISO 9001 und ISO 9002 verpflichtet sich SYM, zu gleich bleibend hohem Qualit\u00e4tsstandard. Das Entwicklungszentrum sorgt f\u00fcr st\u00e4ndige Weiterentwicklung und Erneuerung der Modellpalette. Mit [&hellip;]<\/p>\n","protected":false},"author":1,"featured_media":0,"parent":35,"menu_order":0,"comment_status":"closed","ping_status":"closed","template":"","meta":{"ngg_post_thumbnail":0,"footnotes":""},"class_list":["post-1656","page","type-page","status-publish","hentry"],"yoast_head":"<!-- This site is optimized with the Yoast SEO plugin v21.5 - https:\/\/yoast.com\/wordpress\/plugins\/seo\/ -->\n<title>Sym-Motor - MTR-Reinsberg - Seit \u00fcber 30 Jahren Motorroller in Hamburg<\/title>\n<meta name=\"robots\" content=\"index, follow, max-snippet:-1, max-image-preview:large, max-video-preview:-1\" \/>\n<link rel=\"canonical\" href=\"https:\/\/www.mtr-reinsberg.de\/mtrpress\/produkte\/sym-motor\" \/>\n<meta property=\"og:locale\" content=\"de_DE\" \/>\n<meta property=\"og:type\" content=\"article\" \/>\n<meta property=\"og:title\" content=\"Sym-Motor - MTR-Reinsberg - Seit \u00fcber 30 Jahren Motorroller in Hamburg\" \/>\n<meta property=\"og:description\" content=\"&nbsp; Seit \u00fcber 60 Jahren produziert SYM Zweir\u00e4der. Heute z\u00e4hlt der taiwanesische Konzern mit \u00fcber 500.000 produzierten Fahrzeugen, zu den gro\u00dfen Herstellern der Zweiradbranche. Mit der Zertifizierung nach den strengen Kriterien ISO 9001 und ISO 9002 verpflichtet sich SYM, zu gleich bleibend hohem Qualit\u00e4tsstandard. Das Entwicklungszentrum sorgt f\u00fcr st\u00e4ndige Weiterentwicklung und Erneuerung der Modellpalette. Mit [&hellip;]\" \/>\n<meta property=\"og:url\" content=\"https:\/\/www.mtr-reinsberg.de\/mtrpress\/produkte\/sym-motor\" \/>\n<meta property=\"og:site_name\" content=\"MTR-Reinsberg - Seit \u00fcber 30 Jahren Motorroller in Hamburg\" \/>\n<meta property=\"article:modified_time\" content=\"2024-12-05T13:18:06+00:00\" \/>\n<meta property=\"og:image\" content=\"https:\/\/www.mtr-reinsberg.de\/mtrpress\/wp-content\/uploads\/2018\/05\/Sym-logo-new-2016.jpg\" \/>\n<meta name=\"twitter:card\" content=\"summary_large_image\" \/>\n<meta name=\"twitter:label1\" content=\"Gesch\u00e4tzte Lesezeit\" \/>\n\t<meta name=\"twitter:data1\" content=\"2\u00a0Minuten\" \/>\n<script type=\"application\/ld+json\" class=\"yoast-schema-graph\">{\"@context\":\"https:\/\/schema.org\",\"@graph\":[{\"@type\":\"WebPage\",\"@id\":\"https:\/\/www.mtr-reinsberg.de\/mtrpress\/produkte\/sym-motor\",\"url\":\"https:\/\/www.mtr-reinsberg.de\/mtrpress\/produkte\/sym-motor\",\"name\":\"Sym-Motor - MTR-Reinsberg - Seit \u00fcber 30 Jahren Motorroller in Hamburg\",\"isPartOf\":{\"@id\":\"https:\/\/www.mtr-reinsberg.de\/mtrpress\/#website\"},\"datePublished\":\"2018-05-30T11:16:42+00:00\",\"dateModified\":\"2024-12-05T13:18:06+00:00\",\"breadcrumb\":{\"@id\":\"https:\/\/www.mtr-reinsberg.de\/mtrpress\/produkte\/sym-motor#breadcrumb\"},\"inLanguage\":\"de\",\"potentialAction\":[{\"@type\":\"ReadAction\",\"target\":[\"https:\/\/www.mtr-reinsberg.de\/mtrpress\/produkte\/sym-motor\"]}]},{\"@type\":\"BreadcrumbList\",\"@id\":\"https:\/\/www.mtr-reinsberg.de\/mtrpress\/produkte\/sym-motor#breadcrumb\",\"itemListElement\":[{\"@type\":\"ListItem\",\"position\":1,\"name\":\"Startseite\",\"item\":\"https:\/\/www.mtr-reinsberg.de\/mtrpress\/\"},{\"@type\":\"ListItem\",\"position\":2,\"name\":\"Produkte\",\"item\":\"https:\/\/www.mtr-reinsberg.de\/mtrpress\/produkte\"},{\"@type\":\"ListItem\",\"position\":3,\"name\":\"Sym-Motor\"}]},{\"@type\":\"WebSite\",\"@id\":\"https:\/\/www.mtr-reinsberg.de\/mtrpress\/#website\",\"url\":\"https:\/\/www.mtr-reinsberg.de\/mtrpress\/\",\"name\":\"MTR-Reinsberg - Seit \u00fcber 30 Jahren Motorroller in Hamburg\",\"description\":\"SYM-, Luxxon-, und Prike Vertragsh\u00e4ndler sowie Servicewerkstatt f\u00fcr Piaggio, Vespa, Kymco und Peugeot\",\"publisher\":{\"@id\":\"https:\/\/www.mtr-reinsberg.de\/mtrpress\/#organization\"},\"potentialAction\":[{\"@type\":\"SearchAction\",\"target\":{\"@type\":\"EntryPoint\",\"urlTemplate\":\"https:\/\/www.mtr-reinsberg.de\/mtrpress\/?s={search_term_string}\"},\"query-input\":\"required name=search_term_string\"}],\"inLanguage\":\"de\"},{\"@type\":\"Organization\",\"@id\":\"https:\/\/www.mtr-reinsberg.de\/mtrpress\/#organization\",\"name\":\"MTR-Reinsberg\",\"url\":\"https:\/\/www.mtr-reinsberg.de\/mtrpress\/\",\"logo\":{\"@type\":\"ImageObject\",\"inLanguage\":\"de\",\"@id\":\"https:\/\/www.mtr-reinsberg.de\/mtrpress\/#\/schema\/logo\/image\/\",\"url\":\"https:\/\/www.mtr-reinsberg.de\/mtrpress\/wp-content\/uploads\/2019\/05\/cropped-Logo-neu.jpg\",\"contentUrl\":\"https:\/\/www.mtr-reinsberg.de\/mtrpress\/wp-content\/uploads\/2019\/05\/cropped-Logo-neu.jpg\",\"width\":331,\"height\":263,\"caption\":\"MTR-Reinsberg\"},\"image\":{\"@id\":\"https:\/\/www.mtr-reinsberg.de\/mtrpress\/#\/schema\/logo\/image\/\"}}]}<\/script>\n<!-- \/ Yoast SEO plugin. -->","yoast_head_json":{"title":"Sym-Motor - MTR-Reinsberg - Seit \u00fcber 30 Jahren Motorroller in Hamburg","robots":{"index":"index","follow":"follow","max-snippet":"max-snippet:-1","max-image-preview":"max-image-preview:large","max-video-preview":"max-video-preview:-1"},"canonical":"https:\/\/www.mtr-reinsberg.de\/mtrpress\/produkte\/sym-motor","og_locale":"de_DE","og_type":"article","og_title":"Sym-Motor - MTR-Reinsberg - Seit \u00fcber 30 Jahren Motorroller in Hamburg","og_description":"&nbsp; Seit \u00fcber 60 Jahren produziert SYM Zweir\u00e4der. Heute z\u00e4hlt der taiwanesische Konzern mit \u00fcber 500.000 produzierten Fahrzeugen, zu den gro\u00dfen Herstellern der Zweiradbranche. Mit der Zertifizierung nach den strengen Kriterien ISO 9001 und ISO 9002 verpflichtet sich SYM, zu gleich bleibend hohem Qualit\u00e4tsstandard. Das Entwicklungszentrum sorgt f\u00fcr st\u00e4ndige Weiterentwicklung und Erneuerung der Modellpalette. Mit [&hellip;]","og_url":"https:\/\/www.mtr-reinsberg.de\/mtrpress\/produkte\/sym-motor","og_site_name":"MTR-Reinsberg - Seit \u00fcber 30 Jahren Motorroller in Hamburg","article_modified_time":"2024-12-05T13:18:06+00:00","og_image":[{"url":"https:\/\/www.mtr-reinsberg.de\/mtrpress\/wp-content\/uploads\/2018\/05\/Sym-logo-new-2016.jpg"}],"twitter_card":"summary_large_image","twitter_misc":{"Gesch\u00e4tzte Lesezeit":"2\u00a0Minuten"},"schema":{"@context":"https:\/\/schema.org","@graph":[{"@type":"WebPage","@id":"https:\/\/www.mtr-reinsberg.de\/mtrpress\/produkte\/sym-motor","url":"https:\/\/www.mtr-reinsberg.de\/mtrpress\/produkte\/sym-motor","name":"Sym-Motor - MTR-Reinsberg - Seit \u00fcber 30 Jahren Motorroller in Hamburg","isPartOf":{"@id":"https:\/\/www.mtr-reinsberg.de\/mtrpress\/#website"},"datePublished":"2018-05-30T11:16:42+00:00","dateModified":"2024-12-05T13:18:06+00:00","breadcrumb":{"@id":"https:\/\/www.mtr-reinsberg.de\/mtrpress\/produkte\/sym-motor#breadcrumb"},"inLanguage":"de","potentialAction":[{"@type":"ReadAction","target":["https:\/\/www.mtr-reinsberg.de\/mtrpress\/produkte\/sym-motor"]}]},{"@type":"BreadcrumbList","@id":"https:\/\/www.mtr-reinsberg.de\/mtrpress\/produkte\/sym-motor#breadcrumb","itemListElement":[{"@type":"ListItem","position":1,"name":"Startseite","item":"https:\/\/www.mtr-reinsberg.de\/mtrpress\/"},{"@type":"ListItem","position":2,"name":"Produkte","item":"https:\/\/www.mtr-reinsberg.de\/mtrpress\/produkte"},{"@type":"ListItem","position":3,"name":"Sym-Motor"}]},{"@type":"WebSite","@id":"https:\/\/www.mtr-reinsberg.de\/mtrpress\/#website","url":"https:\/\/www.mtr-reinsberg.de\/mtrpress\/","name":"MTR-Reinsberg - Seit \u00fcber 30 Jahren Motorroller in Hamburg","description":"SYM-, Luxxon-, und Prike Vertragsh\u00e4ndler sowie Servicewerkstatt f\u00fcr Piaggio, Vespa, Kymco und Peugeot","publisher":{"@id":"https:\/\/www.mtr-reinsberg.de\/mtrpress\/#organization"},"potentialAction":[{"@type":"SearchAction","target":{"@type":"EntryPoint","urlTemplate":"https:\/\/www.mtr-reinsberg.de\/mtrpress\/?s={search_term_string}"},"query-input":"required name=search_term_string"}],"inLanguage":"de"},{"@type":"Organization","@id":"https:\/\/www.mtr-reinsberg.de\/mtrpress\/#organization","name":"MTR-Reinsberg","url":"https:\/\/www.mtr-reinsberg.de\/mtrpress\/","logo":{"@type":"ImageObject","inLanguage":"de","@id":"https:\/\/www.mtr-reinsberg.de\/mtrpress\/#\/schema\/logo\/image\/","url":"https:\/\/www.mtr-reinsberg.de\/mtrpress\/wp-content\/uploads\/2019\/05\/cropped-Logo-neu.jpg","contentUrl":"https:\/\/www.mtr-reinsberg.de\/mtrpress\/wp-content\/uploads\/2019\/05\/cropped-Logo-neu.jpg","width":331,"height":263,"caption":"MTR-Reinsberg"},"image":{"@id":"https:\/\/www.mtr-reinsberg.de\/mtrpress\/#\/schema\/logo\/image\/"}}]}},"_links":{"self":[{"href":"https:\/\/www.mtr-reinsberg.de\/mtrpress\/wp-json\/wp\/v2\/pages\/1656","targetHints":{"allow":["GET"]}}],"collection":[{"href":"https:\/\/www.mtr-reinsberg.de\/mtrpress\/wp-json\/wp\/v2\/pages"}],"about":[{"href":"https:\/\/www.mtr-reinsberg.de\/mtrpress\/wp-json\/wp\/v2\/types\/page"}],"author":[{"embeddable":true,"href":"https:\/\/www.mtr-reinsberg.de\/mtrpress\/wp-json\/wp\/v2\/users\/1"}],"replies":[{"embeddable":true,"href":"https:\/\/www.mtr-reinsberg.de\/mtrpress\/wp-json\/wp\/v2\/comments?post=1656"}],"version-history":[{"count":7,"href":"https:\/\/www.mtr-reinsberg.de\/mtrpress\/wp-json\/wp\/v2\/pages\/1656\/revisions"}],"predecessor-version":[{"id":3261,"href":"https:\/\/www.mtr-reinsberg.de\/mtrpress\/wp-json\/wp\/v2\/pages\/1656\/revisions\/3261"}],"up":[{"embeddable":true,"href":"https:\/\/www.mtr-reinsberg.de\/mtrpress\/wp-json\/wp\/v2\/pages\/35"}],"wp:attachment":[{"href":"https:\/\/www.mtr-reinsberg.de\/mtrpress\/wp-json\/wp\/v2\/media?parent=1656"}],"curies":[{"name":"wp","href":"https:\/\/api.w.org\/{rel}","templated":true}]}}