{"id":472,"date":"2012-07-19T09:53:52","date_gmt":"2012-07-19T08:53:52","guid":{"rendered":"http:\/\/www.mtr-reinsberg.de\/mtrpress\/?page_id=472"},"modified":"2026-04-07T10:17:26","modified_gmt":"2026-04-07T09:17:26","slug":"home","status":"publish","type":"page","link":"https:\/\/www.mtr-reinsberg.de\/mtrpress\/","title":{"rendered":"Home"},"content":{"rendered":"<p class=\"MsoNormal\" style=\"margin: 0cm 0cm 10pt; line-height: 14.25pt; text-align: center;\"><span style=\"color: #000000;\"><strong>\u2022 Tel. 040\/720 80 52 \u2022<\/strong><\/span><br \/>\n<span style=\"color: #000000;\"><strong>&nbsp;<\/strong><strong>\u2022&nbsp;&nbsp;Sollredder<\/strong>&nbsp;<strong>3 \u2022<\/strong><\/span><br \/>\n<span style=\"color: #000000;\"><strong>\u2022&nbsp;21465 Wentorf bei Hamburg \u2022<\/strong><\/span><\/p>\n<p class=\"MsoNormal\" style=\"margin: 0cm 0cm 10pt; text-align: center; line-height: 14.25pt; mso-margin-top-alt: auto; mso-margin-bottom-alt: auto;\"><span style=\"color: #000000;\"><strong>Mo-Fr. 8.00-12.00 u. 13.00-18.00 Uhr <\/strong><\/span><br \/>\n<span style=\"color: #000000;\"><strong>Samstag von 12.00-14.00 Uhr<\/strong><\/span><\/p>\n<p style=\"text-align: center;\">&nbsp;<\/p>\n<h3 style=\"text-align: center;\"><span style=\"color: #12a7cc;\">W<\/span>ir sind seit \u00fcber 30 Jahren im Osten Hamburgs f\u00fcr Sie da und hei\u00dfen Sie Herzlich <span style=\"color: #12a7cc;\">W<\/span>illkommen auf unserer Homepage !<span style=\"color: #808080;\">&nbsp;<\/span><\/h3>\n<p>&nbsp;<\/p>\n<p style=\"text-align: center;\"><strong><span style=\"color: #808080;\">&#8211; Ihre Meisterwerkstatt f\u00fcr Motorroller, Motorr\u00e4der und Quads&nbsp;<\/span><\/strong><\/p>\n<p style=\"text-align: center;\"><strong><span style=\"color: #808080;\">&#8211;<\/span><\/strong><strong><span style=\"color: #808080;\"> Vertragsh\u00e4ndler f\u00fcr Sym, Prike und Luxxon&nbsp;<\/span><\/strong><\/p>\n<p style=\"text-align: center;\"><span style=\"color: #808080;\"><strong>&#8211;<\/strong>&nbsp;<\/span><strong><span style=\"color: #808080;\">Servicewerkstatt f\u00fcr Vespa, Piaggio, Kymco und Peugeot&nbsp;<\/span><\/strong><\/p>\n<p>&nbsp;<\/p>\n<p>&nbsp;<\/p>\n<p style=\"text-align: center;\">&nbsp;<\/p>\n<div class=\"video-wrapped video-wrapped-video video-wrapped-yt\" style=\"width: 1170px; min-height: 658px; background-image: url('https:\/\/www.mtr-reinsberg.de\/mtrpress\/wp-content\/plugins\/wp-video-embed-privacy-master\/preview\/yt\/YlmFl5l9N0k.jpg?s=d26bcc702e08cf6a1d19ffbce4e3df90dc13b45fa281f4e2c228cc671f257440')\" data-embed-frame=\"&lt;iframe title=&quot;Official SYM Fiddle 4 200i Video&quot; width=&quot;1170&quot; height=&quot;658&quot; src=&quot;https:\/\/www.youtube-nocookie.com\/embed\/YlmFl5l9N0k?start=6&amp;feature=oembed&quot; frameborder=&quot;0&quot; allow=&quot;accelerometer; autoplay; clipboard-write; encrypted-media; gyroscope; picture-in-picture; web-share&quot; referrerpolicy=&quot;strict-origin-when-cross-origin&quot; allowfullscreen&gt;&lt;\/iframe&gt;\" data-embed-play=\"&lt;span&gt;Video abspielen&lt;\/span&gt;&lt;div class=&quot;small&quot;&gt;&lt;span&gt;Das Video wird von Youtube eingebettet. Es gelten die &lt;a href=&quot;https:\/\/www.google.com\/intl\/de\/policies\/privacy\/&quot; target=&quot;_blank&quot;&gt;Datenschutzerkl\u00e4rungen von Google&lt;\/a&gt;.&lt;\/span&gt;&lt;\/div&gt;\">\n<div class=\"video-wrapped-nojs\"><span>Aktivieren Sie JavaScript um das Video zu sehen.<br \/>Video-Link: <a href=\"https:\/\/youtu.be\/YlmFl5l9N0k?t=6\">https:\/\/youtu.be\/YlmFl5l9N0k?t=6<\/a><\/span><\/div>\n<\/div>\n<p>&nbsp;<\/p>\n<h3 style=\"text-align: left;\"><span style=\"color: #333333;\"><strong>&nbsp;<\/strong><\/span><span style=\"color: #333333;\"><strong>Unser Service umfasst:<\/strong>&nbsp;<\/span><\/h3>\n<ul style=\"text-align: left;\">\n<li><span style=\"color: #12a7cc;\"><strong>V<\/strong><\/span><strong style=\"color: #000000; font-family: 'Open Sans', sans-serif; font-size: 16px;\">erkauf von Neu- und Gebrauchtfahrzeugen<\/strong><\/li>\n<li><strong style=\"color: #000000; font-family: 'Open Sans', sans-serif; font-size: 16px;\"><span style=\"color: #12a7cc;\">A<\/span>nkauf von Gebraucht- und Unfallfahrzeugen<\/strong><\/li>\n<li><strong style=\"color: #000000; font-family: 'Open Sans', sans-serif; font-size: 16px;\"><span style=\"color: #12a7cc;\">R<\/span>eparatur und Inspektion aller Zweiradmarken und Quads<\/strong><\/li>\n<li><strong style=\"color: #000000; font-family: 'Open Sans', sans-serif; font-size: 16px;\"><span style=\"color: #12a7cc;\">K<span style=\"color: #000000;\">ostenpflichtiger A<\/span><\/span><span style=\"color: #000000;\">b<\/span>hol- und R\u00fccktransport nach Absprache<\/strong><\/li>\n<li><strong style=\"color: #000000; font-family: 'Open Sans', sans-serif; font-size: 16px;\"><span style=\"color: #12a7cc;\">v<\/span>or Ort Sofort-Finanzierung<\/strong><\/li>\n<li><strong style=\"color: #000000; font-family: 'Open Sans', sans-serif; font-size: 16px;\"><span style=\"color: #12a7cc;\">D<\/span>irekt-Abwicklung von Versicherungssch\u00e4den<\/strong><\/li>\n<li><strong style=\"color: #000000; font-family: 'Open Sans', sans-serif; font-size: 16px;\"><span style=\"color: #12a7cc;\">T<\/span>\u00dcV- Abnahme direkt in unserer Werkstatt<\/strong><\/li>\n<\/ul>\n<p>&nbsp;<\/p>\n<p>&nbsp;<\/p>\n<p>&nbsp;<\/p>\n","protected":false},"excerpt":{"rendered":"<p>\u2022 Tel. 040\/720 80 52 \u2022 &nbsp;\u2022&nbsp;&nbsp;Sollredder&nbsp;3 \u2022 \u2022&nbsp;21465 Wentorf bei Hamburg \u2022 Mo-Fr. 8.00-12.00 u. 13.00-18.00 Uhr Samstag von 12.00-14.00 Uhr &nbsp; Wir sind seit \u00fcber 30 Jahren im Osten Hamburgs f\u00fcr Sie da und hei\u00dfen Sie Herzlich Willkommen auf unserer Homepage !&nbsp; &nbsp; &#8211; Ihre Meisterwerkstatt f\u00fcr Motorroller, Motorr\u00e4der und Quads&nbsp; &#8211; Vertragsh\u00e4ndler [&hellip;]<\/p>\n","protected":false},"author":2,"featured_media":0,"parent":0,"menu_order":0,"comment_status":"closed","ping_status":"closed","template":"","meta":{"ngg_post_thumbnail":0,"footnotes":""},"class_list":["post-472","page","type-page","status-publish","hentry"],"yoast_head":"<!-- This site is optimized with the Yoast SEO plugin v21.5 - https:\/\/yoast.com\/wordpress\/plugins\/seo\/ -->\n<title>Home - MTR-Reinsberg - Seit \u00fcber 30 Jahren Motorroller in Hamburg<\/title>\n<meta name=\"robots\" content=\"index, follow, max-snippet:-1, max-image-preview:large, max-video-preview:-1\" \/>\n<link rel=\"canonical\" href=\"https:\/\/www.mtr-reinsberg.de\/mtrpress\/\" \/>\n<meta property=\"og:locale\" content=\"de_DE\" \/>\n<meta property=\"og:type\" content=\"article\" \/>\n<meta property=\"og:title\" content=\"Home - MTR-Reinsberg - Seit \u00fcber 30 Jahren Motorroller in Hamburg\" \/>\n<meta property=\"og:description\" content=\"\u2022 Tel. 040\/720 80 52 \u2022 &nbsp;\u2022&nbsp;&nbsp;Sollredder&nbsp;3 \u2022 \u2022&nbsp;21465 Wentorf bei Hamburg \u2022 Mo-Fr. 8.00-12.00 u. 13.00-18.00 Uhr Samstag von 12.00-14.00 Uhr &nbsp; Wir sind seit \u00fcber 30 Jahren im Osten Hamburgs f\u00fcr Sie da und hei\u00dfen Sie Herzlich Willkommen auf unserer Homepage !&nbsp; &nbsp; &#8211; Ihre Meisterwerkstatt f\u00fcr Motorroller, Motorr\u00e4der und Quads&nbsp; &#8211; Vertragsh\u00e4ndler [&hellip;]\" \/>\n<meta property=\"og:url\" content=\"https:\/\/www.mtr-reinsberg.de\/mtrpress\/\" \/>\n<meta property=\"og:site_name\" content=\"MTR-Reinsberg - Seit \u00fcber 30 Jahren Motorroller in Hamburg\" \/>\n<meta property=\"article:modified_time\" content=\"2026-04-07T09:17:26+00:00\" \/>\n<meta name=\"twitter:card\" content=\"summary_large_image\" \/>\n<meta name=\"twitter:label1\" content=\"Gesch\u00e4tzte Lesezeit\" \/>\n\t<meta name=\"twitter:data1\" content=\"1\u00a0Minute\" \/>\n<script type=\"application\/ld+json\" class=\"yoast-schema-graph\">{\"@context\":\"https:\/\/schema.org\",\"@graph\":[{\"@type\":\"WebPage\",\"@id\":\"https:\/\/www.mtr-reinsberg.de\/mtrpress\/\",\"url\":\"https:\/\/www.mtr-reinsberg.de\/mtrpress\/\",\"name\":\"Home - MTR-Reinsberg - Seit \u00fcber 30 Jahren Motorroller in Hamburg\",\"isPartOf\":{\"@id\":\"https:\/\/www.mtr-reinsberg.de\/mtrpress\/#website\"},\"datePublished\":\"2012-07-19T08:53:52+00:00\",\"dateModified\":\"2026-04-07T09:17:26+00:00\",\"breadcrumb\":{\"@id\":\"https:\/\/www.mtr-reinsberg.de\/mtrpress\/#breadcrumb\"},\"inLanguage\":\"de\",\"potentialAction\":[{\"@type\":\"ReadAction\",\"target\":[\"https:\/\/www.mtr-reinsberg.de\/mtrpress\/\"]}]},{\"@type\":\"BreadcrumbList\",\"@id\":\"https:\/\/www.mtr-reinsberg.de\/mtrpress\/#breadcrumb\",\"itemListElement\":[{\"@type\":\"ListItem\",\"position\":1,\"name\":\"Startseite\",\"item\":\"https:\/\/www.mtr-reinsberg.de\/mtrpress\/\"},{\"@type\":\"ListItem\",\"position\":2,\"name\":\"Home\"}]},{\"@type\":\"WebSite\",\"@id\":\"https:\/\/www.mtr-reinsberg.de\/mtrpress\/#website\",\"url\":\"https:\/\/www.mtr-reinsberg.de\/mtrpress\/\",\"name\":\"MTR-Reinsberg - Seit \u00fcber 30 Jahren Motorroller in Hamburg\",\"description\":\"SYM-, Luxxon-, und Prike Vertragsh\u00e4ndler sowie Servicewerkstatt f\u00fcr Piaggio, Vespa, Kymco und Peugeot\",\"publisher\":{\"@id\":\"https:\/\/www.mtr-reinsberg.de\/mtrpress\/#organization\"},\"potentialAction\":[{\"@type\":\"SearchAction\",\"target\":{\"@type\":\"EntryPoint\",\"urlTemplate\":\"https:\/\/www.mtr-reinsberg.de\/mtrpress\/?s={search_term_string}\"},\"query-input\":\"required name=search_term_string\"}],\"inLanguage\":\"de\"},{\"@type\":\"Organization\",\"@id\":\"https:\/\/www.mtr-reinsberg.de\/mtrpress\/#organization\",\"name\":\"MTR-Reinsberg\",\"url\":\"https:\/\/www.mtr-reinsberg.de\/mtrpress\/\",\"logo\":{\"@type\":\"ImageObject\",\"inLanguage\":\"de\",\"@id\":\"https:\/\/www.mtr-reinsberg.de\/mtrpress\/#\/schema\/logo\/image\/\",\"url\":\"https:\/\/www.mtr-reinsberg.de\/mtrpress\/wp-content\/uploads\/2019\/05\/cropped-Logo-neu.jpg\",\"contentUrl\":\"https:\/\/www.mtr-reinsberg.de\/mtrpress\/wp-content\/uploads\/2019\/05\/cropped-Logo-neu.jpg\",\"width\":331,\"height\":263,\"caption\":\"MTR-Reinsberg\"},\"image\":{\"@id\":\"https:\/\/www.mtr-reinsberg.de\/mtrpress\/#\/schema\/logo\/image\/\"}}]}<\/script>\n<!-- \/ Yoast SEO plugin. -->","yoast_head_json":{"title":"Home - MTR-Reinsberg - Seit \u00fcber 30 Jahren Motorroller in Hamburg","robots":{"index":"index","follow":"follow","max-snippet":"max-snippet:-1","max-image-preview":"max-image-preview:large","max-video-preview":"max-video-preview:-1"},"canonical":"https:\/\/www.mtr-reinsberg.de\/mtrpress\/","og_locale":"de_DE","og_type":"article","og_title":"Home - MTR-Reinsberg - Seit \u00fcber 30 Jahren Motorroller in Hamburg","og_description":"\u2022 Tel. 040\/720 80 52 \u2022 &nbsp;\u2022&nbsp;&nbsp;Sollredder&nbsp;3 \u2022 \u2022&nbsp;21465 Wentorf bei Hamburg \u2022 Mo-Fr. 8.00-12.00 u. 13.00-18.00 Uhr Samstag von 12.00-14.00 Uhr &nbsp; Wir sind seit \u00fcber 30 Jahren im Osten Hamburgs f\u00fcr Sie da und hei\u00dfen Sie Herzlich Willkommen auf unserer Homepage !&nbsp; &nbsp; &#8211; Ihre Meisterwerkstatt f\u00fcr Motorroller, Motorr\u00e4der und Quads&nbsp; &#8211; Vertragsh\u00e4ndler [&hellip;]","og_url":"https:\/\/www.mtr-reinsberg.de\/mtrpress\/","og_site_name":"MTR-Reinsberg - Seit \u00fcber 30 Jahren Motorroller in Hamburg","article_modified_time":"2026-04-07T09:17:26+00:00","twitter_card":"summary_large_image","twitter_misc":{"Gesch\u00e4tzte Lesezeit":"1\u00a0Minute"},"schema":{"@context":"https:\/\/schema.org","@graph":[{"@type":"WebPage","@id":"https:\/\/www.mtr-reinsberg.de\/mtrpress\/","url":"https:\/\/www.mtr-reinsberg.de\/mtrpress\/","name":"Home - MTR-Reinsberg - Seit \u00fcber 30 Jahren Motorroller in Hamburg","isPartOf":{"@id":"https:\/\/www.mtr-reinsberg.de\/mtrpress\/#website"},"datePublished":"2012-07-19T08:53:52+00:00","dateModified":"2026-04-07T09:17:26+00:00","breadcrumb":{"@id":"https:\/\/www.mtr-reinsberg.de\/mtrpress\/#breadcrumb"},"inLanguage":"de","potentialAction":[{"@type":"ReadAction","target":["https:\/\/www.mtr-reinsberg.de\/mtrpress\/"]}]},{"@type":"BreadcrumbList","@id":"https:\/\/www.mtr-reinsberg.de\/mtrpress\/#breadcrumb","itemListElement":[{"@type":"ListItem","position":1,"name":"Startseite","item":"https:\/\/www.mtr-reinsberg.de\/mtrpress\/"},{"@type":"ListItem","position":2,"name":"Home"}]},{"@type":"WebSite","@id":"https:\/\/www.mtr-reinsberg.de\/mtrpress\/#website","url":"https:\/\/www.mtr-reinsberg.de\/mtrpress\/","name":"MTR-Reinsberg - Seit \u00fcber 30 Jahren Motorroller in Hamburg","description":"SYM-, Luxxon-, und Prike Vertragsh\u00e4ndler sowie Servicewerkstatt f\u00fcr Piaggio, Vespa, Kymco und Peugeot","publisher":{"@id":"https:\/\/www.mtr-reinsberg.de\/mtrpress\/#organization"},"potentialAction":[{"@type":"SearchAction","target":{"@type":"EntryPoint","urlTemplate":"https:\/\/www.mtr-reinsberg.de\/mtrpress\/?s={search_term_string}"},"query-input":"required name=search_term_string"}],"inLanguage":"de"},{"@type":"Organization","@id":"https:\/\/www.mtr-reinsberg.de\/mtrpress\/#organization","name":"MTR-Reinsberg","url":"https:\/\/www.mtr-reinsberg.de\/mtrpress\/","logo":{"@type":"ImageObject","inLanguage":"de","@id":"https:\/\/www.mtr-reinsberg.de\/mtrpress\/#\/schema\/logo\/image\/","url":"https:\/\/www.mtr-reinsberg.de\/mtrpress\/wp-content\/uploads\/2019\/05\/cropped-Logo-neu.jpg","contentUrl":"https:\/\/www.mtr-reinsberg.de\/mtrpress\/wp-content\/uploads\/2019\/05\/cropped-Logo-neu.jpg","width":331,"height":263,"caption":"MTR-Reinsberg"},"image":{"@id":"https:\/\/www.mtr-reinsberg.de\/mtrpress\/#\/schema\/logo\/image\/"}}]}},"_links":{"self":[{"href":"https:\/\/www.mtr-reinsberg.de\/mtrpress\/wp-json\/wp\/v2\/pages\/472","targetHints":{"allow":["GET"]}}],"collection":[{"href":"https:\/\/www.mtr-reinsberg.de\/mtrpress\/wp-json\/wp\/v2\/pages"}],"about":[{"href":"https:\/\/www.mtr-reinsberg.de\/mtrpress\/wp-json\/wp\/v2\/types\/page"}],"author":[{"embeddable":true,"href":"https:\/\/www.mtr-reinsberg.de\/mtrpress\/wp-json\/wp\/v2\/users\/2"}],"replies":[{"embeddable":true,"href":"https:\/\/www.mtr-reinsberg.de\/mtrpress\/wp-json\/wp\/v2\/comments?post=472"}],"version-history":[{"count":764,"href":"https:\/\/www.mtr-reinsberg.de\/mtrpress\/wp-json\/wp\/v2\/pages\/472\/revisions"}],"predecessor-version":[{"id":3270,"href":"https:\/\/www.mtr-reinsberg.de\/mtrpress\/wp-json\/wp\/v2\/pages\/472\/revisions\/3270"}],"wp:attachment":[{"href":"https:\/\/www.mtr-reinsberg.de\/mtrpress\/wp-json\/wp\/v2\/media?parent=472"}],"curies":[{"name":"wp","href":"https:\/\/api.w.org\/{rel}","templated":true}]}}