{"id":55,"date":"2008-11-30T17:45:33","date_gmt":"2008-11-30T16:45:33","guid":{"rendered":"http:\/\/www.mtr-reinsberg.de\/mtrpress\/?page_id=55"},"modified":"2018-05-24T13:41:38","modified_gmt":"2018-05-24T12:41:38","slug":"service","status":"publish","type":"page","link":"https:\/\/www.mtr-reinsberg.de\/mtrpress\/service","title":{"rendered":"Service"},"content":{"rendered":"<p style=\"text-align: left;\">Unser Service deckt folgende Punkte ab:<\/p>\n<ul>\n<li>Reparatur aller Marken<\/li>\n<li>Wartung<\/li>\n<li>T\u00dcV\/ASU<\/li>\n<li>Rollertuning<\/li>\n<li>Drosselungen<\/li>\n<li>Abhol- und Bringservice<\/li>\n<li>Unfall- und Schadenregulierungen, Direktabwicklung mit der Versicherung<\/li>\n<li>Erstellung von Gutachten<\/li>\n<\/ul>\n<p>Ist etwas nicht aufgef\u00fchrt? Benutzen Sie das <a href=\"http:\/\/www.mtr-reinsberg.de\/mtrpress\/kontakt\" target=\"_self\">Kontaktformular<\/a> und fragen Sie nach, wir stehen Ihnen gerne mit Rat und Tat zur Seite.<\/p>\n","protected":false},"excerpt":{"rendered":"<p>Unser Service deckt folgende Punkte ab: Reparatur aller Marken Wartung T\u00dcV\/ASU Rollertuning Drosselungen Abhol- und Bringservice Unfall- und Schadenregulierungen, Direktabwicklung mit der Versicherung Erstellung von Gutachten Ist etwas nicht aufgef\u00fchrt? Benutzen Sie das Kontaktformular und fragen Sie nach, wir stehen Ihnen gerne mit Rat und Tat zur Seite.<\/p>\n","protected":false},"author":1,"featured_media":0,"parent":0,"menu_order":6,"comment_status":"closed","ping_status":"closed","template":"","meta":{"ngg_post_thumbnail":0,"footnotes":""},"class_list":["post-55","page","type-page","status-publish","hentry"],"yoast_head":"<!-- This site is optimized with the Yoast SEO plugin v21.5 - https:\/\/yoast.com\/wordpress\/plugins\/seo\/ -->\n<title>Service - MTR-Reinsberg - Seit \u00fcber 30 Jahren Motorroller in Hamburg<\/title>\n<meta name=\"robots\" content=\"index, follow, max-snippet:-1, max-image-preview:large, max-video-preview:-1\" \/>\n<link rel=\"canonical\" href=\"https:\/\/www.mtr-reinsberg.de\/mtrpress\/service\" \/>\n<meta property=\"og:locale\" content=\"de_DE\" \/>\n<meta property=\"og:type\" content=\"article\" \/>\n<meta property=\"og:title\" content=\"Service - MTR-Reinsberg - Seit \u00fcber 30 Jahren Motorroller in Hamburg\" \/>\n<meta property=\"og:description\" content=\"Unser Service deckt folgende Punkte ab: Reparatur aller Marken Wartung T\u00dcV\/ASU Rollertuning Drosselungen Abhol- und Bringservice Unfall- und Schadenregulierungen, Direktabwicklung mit der Versicherung Erstellung von Gutachten Ist etwas nicht aufgef\u00fchrt? Benutzen Sie das Kontaktformular und fragen Sie nach, wir stehen Ihnen gerne mit Rat und Tat zur Seite.\" \/>\n<meta property=\"og:url\" content=\"https:\/\/www.mtr-reinsberg.de\/mtrpress\/service\" \/>\n<meta property=\"og:site_name\" content=\"MTR-Reinsberg - Seit \u00fcber 30 Jahren Motorroller in Hamburg\" \/>\n<meta property=\"article:modified_time\" content=\"2018-05-24T12:41:38+00:00\" \/>\n<meta name=\"twitter:card\" content=\"summary_large_image\" \/>\n<script type=\"application\/ld+json\" class=\"yoast-schema-graph\">{\"@context\":\"https:\/\/schema.org\",\"@graph\":[{\"@type\":\"WebPage\",\"@id\":\"https:\/\/www.mtr-reinsberg.de\/mtrpress\/service\",\"url\":\"https:\/\/www.mtr-reinsberg.de\/mtrpress\/service\",\"name\":\"Service - MTR-Reinsberg - Seit \u00fcber 30 Jahren Motorroller in Hamburg\",\"isPartOf\":{\"@id\":\"https:\/\/www.mtr-reinsberg.de\/mtrpress\/#website\"},\"datePublished\":\"2008-11-30T16:45:33+00:00\",\"dateModified\":\"2018-05-24T12:41:38+00:00\",\"breadcrumb\":{\"@id\":\"https:\/\/www.mtr-reinsberg.de\/mtrpress\/service#breadcrumb\"},\"inLanguage\":\"de\",\"potentialAction\":[{\"@type\":\"ReadAction\",\"target\":[\"https:\/\/www.mtr-reinsberg.de\/mtrpress\/service\"]}]},{\"@type\":\"BreadcrumbList\",\"@id\":\"https:\/\/www.mtr-reinsberg.de\/mtrpress\/service#breadcrumb\",\"itemListElement\":[{\"@type\":\"ListItem\",\"position\":1,\"name\":\"Startseite\",\"item\":\"https:\/\/www.mtr-reinsberg.de\/mtrpress\/\"},{\"@type\":\"ListItem\",\"position\":2,\"name\":\"Service\"}]},{\"@type\":\"WebSite\",\"@id\":\"https:\/\/www.mtr-reinsberg.de\/mtrpress\/#website\",\"url\":\"https:\/\/www.mtr-reinsberg.de\/mtrpress\/\",\"name\":\"MTR-Reinsberg - Seit \u00fcber 30 Jahren Motorroller in Hamburg\",\"description\":\"SYM-, Luxxon-, und Prike Vertragsh\u00e4ndler sowie Servicewerkstatt f\u00fcr Piaggio, Vespa, Kymco und Peugeot\",\"publisher\":{\"@id\":\"https:\/\/www.mtr-reinsberg.de\/mtrpress\/#organization\"},\"potentialAction\":[{\"@type\":\"SearchAction\",\"target\":{\"@type\":\"EntryPoint\",\"urlTemplate\":\"https:\/\/www.mtr-reinsberg.de\/mtrpress\/?s={search_term_string}\"},\"query-input\":\"required name=search_term_string\"}],\"inLanguage\":\"de\"},{\"@type\":\"Organization\",\"@id\":\"https:\/\/www.mtr-reinsberg.de\/mtrpress\/#organization\",\"name\":\"MTR-Reinsberg\",\"url\":\"https:\/\/www.mtr-reinsberg.de\/mtrpress\/\",\"logo\":{\"@type\":\"ImageObject\",\"inLanguage\":\"de\",\"@id\":\"https:\/\/www.mtr-reinsberg.de\/mtrpress\/#\/schema\/logo\/image\/\",\"url\":\"https:\/\/www.mtr-reinsberg.de\/mtrpress\/wp-content\/uploads\/2019\/05\/cropped-Logo-neu.jpg\",\"contentUrl\":\"https:\/\/www.mtr-reinsberg.de\/mtrpress\/wp-content\/uploads\/2019\/05\/cropped-Logo-neu.jpg\",\"width\":331,\"height\":263,\"caption\":\"MTR-Reinsberg\"},\"image\":{\"@id\":\"https:\/\/www.mtr-reinsberg.de\/mtrpress\/#\/schema\/logo\/image\/\"}}]}<\/script>\n<!-- \/ Yoast SEO plugin. -->","yoast_head_json":{"title":"Service - MTR-Reinsberg - Seit \u00fcber 30 Jahren Motorroller in Hamburg","robots":{"index":"index","follow":"follow","max-snippet":"max-snippet:-1","max-image-preview":"max-image-preview:large","max-video-preview":"max-video-preview:-1"},"canonical":"https:\/\/www.mtr-reinsberg.de\/mtrpress\/service","og_locale":"de_DE","og_type":"article","og_title":"Service - MTR-Reinsberg - Seit \u00fcber 30 Jahren Motorroller in Hamburg","og_description":"Unser Service deckt folgende Punkte ab: Reparatur aller Marken Wartung T\u00dcV\/ASU Rollertuning Drosselungen Abhol- und Bringservice Unfall- und Schadenregulierungen, Direktabwicklung mit der Versicherung Erstellung von Gutachten Ist etwas nicht aufgef\u00fchrt? Benutzen Sie das Kontaktformular und fragen Sie nach, wir stehen Ihnen gerne mit Rat und Tat zur Seite.","og_url":"https:\/\/www.mtr-reinsberg.de\/mtrpress\/service","og_site_name":"MTR-Reinsberg - Seit \u00fcber 30 Jahren Motorroller in Hamburg","article_modified_time":"2018-05-24T12:41:38+00:00","twitter_card":"summary_large_image","schema":{"@context":"https:\/\/schema.org","@graph":[{"@type":"WebPage","@id":"https:\/\/www.mtr-reinsberg.de\/mtrpress\/service","url":"https:\/\/www.mtr-reinsberg.de\/mtrpress\/service","name":"Service - MTR-Reinsberg - Seit \u00fcber 30 Jahren Motorroller in Hamburg","isPartOf":{"@id":"https:\/\/www.mtr-reinsberg.de\/mtrpress\/#website"},"datePublished":"2008-11-30T16:45:33+00:00","dateModified":"2018-05-24T12:41:38+00:00","breadcrumb":{"@id":"https:\/\/www.mtr-reinsberg.de\/mtrpress\/service#breadcrumb"},"inLanguage":"de","potentialAction":[{"@type":"ReadAction","target":["https:\/\/www.mtr-reinsberg.de\/mtrpress\/service"]}]},{"@type":"BreadcrumbList","@id":"https:\/\/www.mtr-reinsberg.de\/mtrpress\/service#breadcrumb","itemListElement":[{"@type":"ListItem","position":1,"name":"Startseite","item":"https:\/\/www.mtr-reinsberg.de\/mtrpress\/"},{"@type":"ListItem","position":2,"name":"Service"}]},{"@type":"WebSite","@id":"https:\/\/www.mtr-reinsberg.de\/mtrpress\/#website","url":"https:\/\/www.mtr-reinsberg.de\/mtrpress\/","name":"MTR-Reinsberg - Seit \u00fcber 30 Jahren Motorroller in Hamburg","description":"SYM-, Luxxon-, und Prike Vertragsh\u00e4ndler sowie Servicewerkstatt f\u00fcr Piaggio, Vespa, Kymco und Peugeot","publisher":{"@id":"https:\/\/www.mtr-reinsberg.de\/mtrpress\/#organization"},"potentialAction":[{"@type":"SearchAction","target":{"@type":"EntryPoint","urlTemplate":"https:\/\/www.mtr-reinsberg.de\/mtrpress\/?s={search_term_string}"},"query-input":"required name=search_term_string"}],"inLanguage":"de"},{"@type":"Organization","@id":"https:\/\/www.mtr-reinsberg.de\/mtrpress\/#organization","name":"MTR-Reinsberg","url":"https:\/\/www.mtr-reinsberg.de\/mtrpress\/","logo":{"@type":"ImageObject","inLanguage":"de","@id":"https:\/\/www.mtr-reinsberg.de\/mtrpress\/#\/schema\/logo\/image\/","url":"https:\/\/www.mtr-reinsberg.de\/mtrpress\/wp-content\/uploads\/2019\/05\/cropped-Logo-neu.jpg","contentUrl":"https:\/\/www.mtr-reinsberg.de\/mtrpress\/wp-content\/uploads\/2019\/05\/cropped-Logo-neu.jpg","width":331,"height":263,"caption":"MTR-Reinsberg"},"image":{"@id":"https:\/\/www.mtr-reinsberg.de\/mtrpress\/#\/schema\/logo\/image\/"}}]}},"_links":{"self":[{"href":"https:\/\/www.mtr-reinsberg.de\/mtrpress\/wp-json\/wp\/v2\/pages\/55","targetHints":{"allow":["GET"]}}],"collection":[{"href":"https:\/\/www.mtr-reinsberg.de\/mtrpress\/wp-json\/wp\/v2\/pages"}],"about":[{"href":"https:\/\/www.mtr-reinsberg.de\/mtrpress\/wp-json\/wp\/v2\/types\/page"}],"author":[{"embeddable":true,"href":"https:\/\/www.mtr-reinsberg.de\/mtrpress\/wp-json\/wp\/v2\/users\/1"}],"replies":[{"embeddable":true,"href":"https:\/\/www.mtr-reinsberg.de\/mtrpress\/wp-json\/wp\/v2\/comments?post=55"}],"version-history":[{"count":14,"href":"https:\/\/www.mtr-reinsberg.de\/mtrpress\/wp-json\/wp\/v2\/pages\/55\/revisions"}],"predecessor-version":[{"id":1647,"href":"https:\/\/www.mtr-reinsberg.de\/mtrpress\/wp-json\/wp\/v2\/pages\/55\/revisions\/1647"}],"wp:attachment":[{"href":"https:\/\/www.mtr-reinsberg.de\/mtrpress\/wp-json\/wp\/v2\/media?parent=55"}],"curies":[{"name":"wp","href":"https:\/\/api.w.org\/{rel}","templated":true}]}}