{"id":57,"date":"2008-11-30T17:46:03","date_gmt":"2008-11-30T16:46:03","guid":{"rendered":"http:\/\/www.mtr-reinsberg.de\/mtrpress\/?page_id=57"},"modified":"2019-02-13T16:16:05","modified_gmt":"2019-02-13T15:16:05","slug":"winterlager","status":"publish","type":"page","link":"https:\/\/www.mtr-reinsberg.de\/mtrpress\/service\/winterlager","title":{"rendered":"Winterlager"},"content":{"rendered":"<p>Wir bieten Ihnen ein kosteng\u00fcnstiges Winterlager und machen Ihren Roller oder Motorrad fit f\u00fcr die n\u00e4chste Saison.<\/p>\n<p>Anfragen per <a href=\"http:\/\/www.mtr-reinsberg.de\/mtrpress\/kontakt\" target=\"_self\">Kontaktformular<\/a> oder telefonisch unter 040 &#8211; 7208052<\/p>\n","protected":false},"excerpt":{"rendered":"<p>Wir bieten Ihnen ein kosteng\u00fcnstiges Winterlager und machen Ihren Roller oder Motorrad fit f\u00fcr die n\u00e4chste Saison. Anfragen per Kontaktformular oder telefonisch unter 040 &#8211; 7208052<\/p>\n","protected":false},"author":1,"featured_media":0,"parent":55,"menu_order":0,"comment_status":"closed","ping_status":"closed","template":"","meta":{"ngg_post_thumbnail":0,"footnotes":""},"class_list":["post-57","page","type-page","status-publish","hentry"],"yoast_head":"<!-- This site is optimized with the Yoast SEO plugin v21.5 - https:\/\/yoast.com\/wordpress\/plugins\/seo\/ -->\n<title>Winterlager - MTR-Reinsberg - Seit \u00fcber 30 Jahren Motorroller in Hamburg<\/title>\n<meta name=\"robots\" content=\"index, follow, max-snippet:-1, max-image-preview:large, max-video-preview:-1\" \/>\n<link rel=\"canonical\" href=\"https:\/\/www.mtr-reinsberg.de\/mtrpress\/service\/winterlager\" \/>\n<meta property=\"og:locale\" content=\"de_DE\" \/>\n<meta property=\"og:type\" content=\"article\" \/>\n<meta property=\"og:title\" content=\"Winterlager - MTR-Reinsberg - Seit \u00fcber 30 Jahren Motorroller in Hamburg\" \/>\n<meta property=\"og:description\" content=\"Wir bieten Ihnen ein kosteng\u00fcnstiges Winterlager und machen Ihren Roller oder Motorrad fit f\u00fcr die n\u00e4chste Saison. Anfragen per Kontaktformular oder telefonisch unter 040 &#8211; 7208052\" \/>\n<meta property=\"og:url\" content=\"https:\/\/www.mtr-reinsberg.de\/mtrpress\/service\/winterlager\" \/>\n<meta property=\"og:site_name\" content=\"MTR-Reinsberg - Seit \u00fcber 30 Jahren Motorroller in Hamburg\" \/>\n<meta property=\"article:modified_time\" content=\"2019-02-13T15:16:05+00:00\" \/>\n<meta name=\"twitter:card\" content=\"summary_large_image\" \/>\n<script type=\"application\/ld+json\" class=\"yoast-schema-graph\">{\"@context\":\"https:\/\/schema.org\",\"@graph\":[{\"@type\":\"WebPage\",\"@id\":\"https:\/\/www.mtr-reinsberg.de\/mtrpress\/service\/winterlager\",\"url\":\"https:\/\/www.mtr-reinsberg.de\/mtrpress\/service\/winterlager\",\"name\":\"Winterlager - MTR-Reinsberg - Seit \u00fcber 30 Jahren Motorroller in Hamburg\",\"isPartOf\":{\"@id\":\"https:\/\/www.mtr-reinsberg.de\/mtrpress\/#website\"},\"datePublished\":\"2008-11-30T16:46:03+00:00\",\"dateModified\":\"2019-02-13T15:16:05+00:00\",\"breadcrumb\":{\"@id\":\"https:\/\/www.mtr-reinsberg.de\/mtrpress\/service\/winterlager#breadcrumb\"},\"inLanguage\":\"de\",\"potentialAction\":[{\"@type\":\"ReadAction\",\"target\":[\"https:\/\/www.mtr-reinsberg.de\/mtrpress\/service\/winterlager\"]}]},{\"@type\":\"BreadcrumbList\",\"@id\":\"https:\/\/www.mtr-reinsberg.de\/mtrpress\/service\/winterlager#breadcrumb\",\"itemListElement\":[{\"@type\":\"ListItem\",\"position\":1,\"name\":\"Startseite\",\"item\":\"https:\/\/www.mtr-reinsberg.de\/mtrpress\/\"},{\"@type\":\"ListItem\",\"position\":2,\"name\":\"Service\",\"item\":\"https:\/\/www.mtr-reinsberg.de\/mtrpress\/service\"},{\"@type\":\"ListItem\",\"position\":3,\"name\":\"Winterlager\"}]},{\"@type\":\"WebSite\",\"@id\":\"https:\/\/www.mtr-reinsberg.de\/mtrpress\/#website\",\"url\":\"https:\/\/www.mtr-reinsberg.de\/mtrpress\/\",\"name\":\"MTR-Reinsberg - Seit \u00fcber 30 Jahren Motorroller in Hamburg\",\"description\":\"SYM-, Luxxon-, und Prike Vertragsh\u00e4ndler sowie Servicewerkstatt f\u00fcr Piaggio, Vespa, Kymco und Peugeot\",\"publisher\":{\"@id\":\"https:\/\/www.mtr-reinsberg.de\/mtrpress\/#organization\"},\"potentialAction\":[{\"@type\":\"SearchAction\",\"target\":{\"@type\":\"EntryPoint\",\"urlTemplate\":\"https:\/\/www.mtr-reinsberg.de\/mtrpress\/?s={search_term_string}\"},\"query-input\":\"required name=search_term_string\"}],\"inLanguage\":\"de\"},{\"@type\":\"Organization\",\"@id\":\"https:\/\/www.mtr-reinsberg.de\/mtrpress\/#organization\",\"name\":\"MTR-Reinsberg\",\"url\":\"https:\/\/www.mtr-reinsberg.de\/mtrpress\/\",\"logo\":{\"@type\":\"ImageObject\",\"inLanguage\":\"de\",\"@id\":\"https:\/\/www.mtr-reinsberg.de\/mtrpress\/#\/schema\/logo\/image\/\",\"url\":\"https:\/\/www.mtr-reinsberg.de\/mtrpress\/wp-content\/uploads\/2019\/05\/cropped-Logo-neu.jpg\",\"contentUrl\":\"https:\/\/www.mtr-reinsberg.de\/mtrpress\/wp-content\/uploads\/2019\/05\/cropped-Logo-neu.jpg\",\"width\":331,\"height\":263,\"caption\":\"MTR-Reinsberg\"},\"image\":{\"@id\":\"https:\/\/www.mtr-reinsberg.de\/mtrpress\/#\/schema\/logo\/image\/\"}}]}<\/script>\n<!-- \/ Yoast SEO plugin. -->","yoast_head_json":{"title":"Winterlager - MTR-Reinsberg - Seit \u00fcber 30 Jahren Motorroller in Hamburg","robots":{"index":"index","follow":"follow","max-snippet":"max-snippet:-1","max-image-preview":"max-image-preview:large","max-video-preview":"max-video-preview:-1"},"canonical":"https:\/\/www.mtr-reinsberg.de\/mtrpress\/service\/winterlager","og_locale":"de_DE","og_type":"article","og_title":"Winterlager - MTR-Reinsberg - Seit \u00fcber 30 Jahren Motorroller in Hamburg","og_description":"Wir bieten Ihnen ein kosteng\u00fcnstiges Winterlager und machen Ihren Roller oder Motorrad fit f\u00fcr die n\u00e4chste Saison. Anfragen per Kontaktformular oder telefonisch unter 040 &#8211; 7208052","og_url":"https:\/\/www.mtr-reinsberg.de\/mtrpress\/service\/winterlager","og_site_name":"MTR-Reinsberg - Seit \u00fcber 30 Jahren Motorroller in Hamburg","article_modified_time":"2019-02-13T15:16:05+00:00","twitter_card":"summary_large_image","schema":{"@context":"https:\/\/schema.org","@graph":[{"@type":"WebPage","@id":"https:\/\/www.mtr-reinsberg.de\/mtrpress\/service\/winterlager","url":"https:\/\/www.mtr-reinsberg.de\/mtrpress\/service\/winterlager","name":"Winterlager - MTR-Reinsberg - Seit \u00fcber 30 Jahren Motorroller in Hamburg","isPartOf":{"@id":"https:\/\/www.mtr-reinsberg.de\/mtrpress\/#website"},"datePublished":"2008-11-30T16:46:03+00:00","dateModified":"2019-02-13T15:16:05+00:00","breadcrumb":{"@id":"https:\/\/www.mtr-reinsberg.de\/mtrpress\/service\/winterlager#breadcrumb"},"inLanguage":"de","potentialAction":[{"@type":"ReadAction","target":["https:\/\/www.mtr-reinsberg.de\/mtrpress\/service\/winterlager"]}]},{"@type":"BreadcrumbList","@id":"https:\/\/www.mtr-reinsberg.de\/mtrpress\/service\/winterlager#breadcrumb","itemListElement":[{"@type":"ListItem","position":1,"name":"Startseite","item":"https:\/\/www.mtr-reinsberg.de\/mtrpress\/"},{"@type":"ListItem","position":2,"name":"Service","item":"https:\/\/www.mtr-reinsberg.de\/mtrpress\/service"},{"@type":"ListItem","position":3,"name":"Winterlager"}]},{"@type":"WebSite","@id":"https:\/\/www.mtr-reinsberg.de\/mtrpress\/#website","url":"https:\/\/www.mtr-reinsberg.de\/mtrpress\/","name":"MTR-Reinsberg - Seit \u00fcber 30 Jahren Motorroller in Hamburg","description":"SYM-, Luxxon-, und Prike Vertragsh\u00e4ndler sowie Servicewerkstatt f\u00fcr Piaggio, Vespa, Kymco und Peugeot","publisher":{"@id":"https:\/\/www.mtr-reinsberg.de\/mtrpress\/#organization"},"potentialAction":[{"@type":"SearchAction","target":{"@type":"EntryPoint","urlTemplate":"https:\/\/www.mtr-reinsberg.de\/mtrpress\/?s={search_term_string}"},"query-input":"required name=search_term_string"}],"inLanguage":"de"},{"@type":"Organization","@id":"https:\/\/www.mtr-reinsberg.de\/mtrpress\/#organization","name":"MTR-Reinsberg","url":"https:\/\/www.mtr-reinsberg.de\/mtrpress\/","logo":{"@type":"ImageObject","inLanguage":"de","@id":"https:\/\/www.mtr-reinsberg.de\/mtrpress\/#\/schema\/logo\/image\/","url":"https:\/\/www.mtr-reinsberg.de\/mtrpress\/wp-content\/uploads\/2019\/05\/cropped-Logo-neu.jpg","contentUrl":"https:\/\/www.mtr-reinsberg.de\/mtrpress\/wp-content\/uploads\/2019\/05\/cropped-Logo-neu.jpg","width":331,"height":263,"caption":"MTR-Reinsberg"},"image":{"@id":"https:\/\/www.mtr-reinsberg.de\/mtrpress\/#\/schema\/logo\/image\/"}}]}},"_links":{"self":[{"href":"https:\/\/www.mtr-reinsberg.de\/mtrpress\/wp-json\/wp\/v2\/pages\/57","targetHints":{"allow":["GET"]}}],"collection":[{"href":"https:\/\/www.mtr-reinsberg.de\/mtrpress\/wp-json\/wp\/v2\/pages"}],"about":[{"href":"https:\/\/www.mtr-reinsberg.de\/mtrpress\/wp-json\/wp\/v2\/types\/page"}],"author":[{"embeddable":true,"href":"https:\/\/www.mtr-reinsberg.de\/mtrpress\/wp-json\/wp\/v2\/users\/1"}],"replies":[{"embeddable":true,"href":"https:\/\/www.mtr-reinsberg.de\/mtrpress\/wp-json\/wp\/v2\/comments?post=57"}],"version-history":[{"count":7,"href":"https:\/\/www.mtr-reinsberg.de\/mtrpress\/wp-json\/wp\/v2\/pages\/57\/revisions"}],"predecessor-version":[{"id":1815,"href":"https:\/\/www.mtr-reinsberg.de\/mtrpress\/wp-json\/wp\/v2\/pages\/57\/revisions\/1815"}],"up":[{"embeddable":true,"href":"https:\/\/www.mtr-reinsberg.de\/mtrpress\/wp-json\/wp\/v2\/pages\/55"}],"wp:attachment":[{"href":"https:\/\/www.mtr-reinsberg.de\/mtrpress\/wp-json\/wp\/v2\/media?parent=57"}],"curies":[{"name":"wp","href":"https:\/\/api.w.org\/{rel}","templated":true}]}}