{"id":61,"date":"2008-11-30T18:07:44","date_gmt":"2008-11-30T17:07:44","guid":{"rendered":"http:\/\/www.mtr-reinsberg.de\/mtrpress\/?page_id=61"},"modified":"2022-04-11T10:15:24","modified_gmt":"2022-04-11T09:15:24","slug":"luxxon","status":"publish","type":"page","link":"https:\/\/www.mtr-reinsberg.de\/mtrpress\/produkte\/luxxon","title":{"rendered":"Luxxon"},"content":{"rendered":"<p style=\"text-align: center;\"><a href=\"http:\/\/www.mtr-reinsberg.de\/mtrpress\/wp-content\/uploads\/2013\/08\/luxxon.jpg\"><img loading=\"lazy\" decoding=\"async\" class=\"size-full wp-image-795 aligncenter\" src=\"http:\/\/www.mtr-reinsberg.de\/mtrpress\/wp-content\/uploads\/2013\/08\/luxxon.jpg\" alt=\"luxxon\" width=\"200\" height=\"56\" \/><\/a><\/p>\n<p>&nbsp;<\/p>\n<p>&nbsp;<\/p>\n<p style=\"text-align: left;\"><span style=\"color: #808080;\"><a style=\"color: #808080;\" href=\"http:\/\/www.sandforth-motor-group.de\/\">Die von der Firma Karcher 2007 ins Leben gerufenen Eigenmarke Luxxon beeinhaltet ein breites Sortiment an Motorrollern, Motorr\u00e4dern, ATV und Elektro-Mobilit\u00e4t. Die Fahrzeuge bieten moderne, junge Designs sowie top Fahrleistungen zu einem attraktiven Preis-\/Leistungsverh\u00e4ltnis.<br \/>\nDer Vertrieb erfolgt in Deutschland und \u00d6sterreich \u00fcber den Fach- und Versandhandel sowie \u00fcber die Gro\u00dffl\u00e4che.<\/a><\/span><\/p>\n<p>&nbsp;<\/p>\n<p>&nbsp;<\/p>\n<p><a href=\"http:\/\/www.luxxon.info\"><img loading=\"lazy\" decoding=\"async\" class=\"size-medium wp-image-791 aligncenter\" src=\"http:\/\/www.mtr-reinsberg.de\/mtrpress\/wp-content\/uploads\/2008\/11\/Luxxon_Jackfire_3-300x247.jpg\" alt=\"Luxxon_Jackfire_3\" width=\"300\" height=\"247\" srcset=\"https:\/\/www.mtr-reinsberg.de\/mtrpress\/wp-content\/uploads\/2008\/11\/Luxxon_Jackfire_3-300x247.jpg 300w, https:\/\/www.mtr-reinsberg.de\/mtrpress\/wp-content\/uploads\/2008\/11\/Luxxon_Jackfire_3.jpg 500w\" sizes=\"auto, (max-width: 300px) 100vw, 300px\" \/><\/a><\/p>\n<p>Bitte Bild anklicken ! Durch Anklicken des Bildes werden Sie zur aktuellen Produktpalette auf luxxon.info weitergeleitet.<\/p>\n<p style=\"text-align: left;\"><span style=\"color: #008080;\">Alle Markennamen, Logos und Fahrzeugbilder sind Eigentum des jeweiligen Herstellers und urheberrechtlich gesch\u00fctzt. Jegliches Kopieren oder Benutzen dieser darf nur durch ausdr\u00fcckliche Erlaubnis des jeweiligen Herstellers geschehen.<\/span><\/p>\n","protected":false},"excerpt":{"rendered":"<p>&nbsp; &nbsp; Die von der Firma Karcher 2007 ins Leben gerufenen Eigenmarke Luxxon beeinhaltet ein breites Sortiment an Motorrollern, Motorr\u00e4dern, ATV und Elektro-Mobilit\u00e4t. Die Fahrzeuge bieten moderne, junge Designs sowie top Fahrleistungen zu einem attraktiven Preis-\/Leistungsverh\u00e4ltnis. Der Vertrieb erfolgt in Deutschland und \u00d6sterreich \u00fcber den Fach- und Versandhandel sowie \u00fcber die Gro\u00dffl\u00e4che. &nbsp; &nbsp; Bitte [&hellip;]<\/p>\n","protected":false},"author":1,"featured_media":0,"parent":35,"menu_order":4,"comment_status":"closed","ping_status":"closed","template":"","meta":{"ngg_post_thumbnail":0,"footnotes":""},"class_list":["post-61","page","type-page","status-publish","hentry"],"yoast_head":"<!-- This site is optimized with the Yoast SEO plugin v21.5 - https:\/\/yoast.com\/wordpress\/plugins\/seo\/ -->\n<title>Luxxon - MTR-Reinsberg - Seit \u00fcber 30 Jahren Motorroller in Hamburg<\/title>\n<meta name=\"robots\" content=\"index, follow, max-snippet:-1, max-image-preview:large, max-video-preview:-1\" \/>\n<link rel=\"canonical\" href=\"https:\/\/www.mtr-reinsberg.de\/mtrpress\/produkte\/luxxon\" \/>\n<meta property=\"og:locale\" content=\"de_DE\" \/>\n<meta property=\"og:type\" content=\"article\" \/>\n<meta property=\"og:title\" content=\"Luxxon - MTR-Reinsberg - Seit \u00fcber 30 Jahren Motorroller in Hamburg\" \/>\n<meta property=\"og:description\" content=\"&nbsp; &nbsp; Die von der Firma Karcher 2007 ins Leben gerufenen Eigenmarke Luxxon beeinhaltet ein breites Sortiment an Motorrollern, Motorr\u00e4dern, ATV und Elektro-Mobilit\u00e4t. Die Fahrzeuge bieten moderne, junge Designs sowie top Fahrleistungen zu einem attraktiven Preis-\/Leistungsverh\u00e4ltnis. Der Vertrieb erfolgt in Deutschland und \u00d6sterreich \u00fcber den Fach- und Versandhandel sowie \u00fcber die Gro\u00dffl\u00e4che. &nbsp; &nbsp; Bitte [&hellip;]\" \/>\n<meta property=\"og:url\" content=\"https:\/\/www.mtr-reinsberg.de\/mtrpress\/produkte\/luxxon\" \/>\n<meta property=\"og:site_name\" content=\"MTR-Reinsberg - Seit \u00fcber 30 Jahren Motorroller in Hamburg\" \/>\n<meta property=\"article:modified_time\" content=\"2022-04-11T09:15:24+00:00\" \/>\n<meta property=\"og:image\" content=\"http:\/\/www.mtr-reinsberg.de\/mtrpress\/wp-content\/uploads\/2013\/08\/luxxon.jpg\" \/>\n<meta name=\"twitter:card\" content=\"summary_large_image\" \/>\n<meta name=\"twitter:label1\" content=\"Gesch\u00e4tzte Lesezeit\" \/>\n\t<meta name=\"twitter:data1\" content=\"1\u00a0Minute\" \/>\n<script type=\"application\/ld+json\" class=\"yoast-schema-graph\">{\"@context\":\"https:\/\/schema.org\",\"@graph\":[{\"@type\":\"WebPage\",\"@id\":\"https:\/\/www.mtr-reinsberg.de\/mtrpress\/produkte\/luxxon\",\"url\":\"https:\/\/www.mtr-reinsberg.de\/mtrpress\/produkte\/luxxon\",\"name\":\"Luxxon - MTR-Reinsberg - Seit \u00fcber 30 Jahren Motorroller in Hamburg\",\"isPartOf\":{\"@id\":\"https:\/\/www.mtr-reinsberg.de\/mtrpress\/#website\"},\"datePublished\":\"2008-11-30T17:07:44+00:00\",\"dateModified\":\"2022-04-11T09:15:24+00:00\",\"breadcrumb\":{\"@id\":\"https:\/\/www.mtr-reinsberg.de\/mtrpress\/produkte\/luxxon#breadcrumb\"},\"inLanguage\":\"de\",\"potentialAction\":[{\"@type\":\"ReadAction\",\"target\":[\"https:\/\/www.mtr-reinsberg.de\/mtrpress\/produkte\/luxxon\"]}]},{\"@type\":\"BreadcrumbList\",\"@id\":\"https:\/\/www.mtr-reinsberg.de\/mtrpress\/produkte\/luxxon#breadcrumb\",\"itemListElement\":[{\"@type\":\"ListItem\",\"position\":1,\"name\":\"Startseite\",\"item\":\"https:\/\/www.mtr-reinsberg.de\/mtrpress\/\"},{\"@type\":\"ListItem\",\"position\":2,\"name\":\"Produkte\",\"item\":\"https:\/\/www.mtr-reinsberg.de\/mtrpress\/produkte\"},{\"@type\":\"ListItem\",\"position\":3,\"name\":\"Luxxon\"}]},{\"@type\":\"WebSite\",\"@id\":\"https:\/\/www.mtr-reinsberg.de\/mtrpress\/#website\",\"url\":\"https:\/\/www.mtr-reinsberg.de\/mtrpress\/\",\"name\":\"MTR-Reinsberg - Seit \u00fcber 30 Jahren Motorroller in Hamburg\",\"description\":\"SYM-, Luxxon-, und Prike Vertragsh\u00e4ndler sowie Servicewerkstatt f\u00fcr Piaggio, Vespa, Kymco und Peugeot\",\"publisher\":{\"@id\":\"https:\/\/www.mtr-reinsberg.de\/mtrpress\/#organization\"},\"potentialAction\":[{\"@type\":\"SearchAction\",\"target\":{\"@type\":\"EntryPoint\",\"urlTemplate\":\"https:\/\/www.mtr-reinsberg.de\/mtrpress\/?s={search_term_string}\"},\"query-input\":\"required name=search_term_string\"}],\"inLanguage\":\"de\"},{\"@type\":\"Organization\",\"@id\":\"https:\/\/www.mtr-reinsberg.de\/mtrpress\/#organization\",\"name\":\"MTR-Reinsberg\",\"url\":\"https:\/\/www.mtr-reinsberg.de\/mtrpress\/\",\"logo\":{\"@type\":\"ImageObject\",\"inLanguage\":\"de\",\"@id\":\"https:\/\/www.mtr-reinsberg.de\/mtrpress\/#\/schema\/logo\/image\/\",\"url\":\"https:\/\/www.mtr-reinsberg.de\/mtrpress\/wp-content\/uploads\/2019\/05\/cropped-Logo-neu.jpg\",\"contentUrl\":\"https:\/\/www.mtr-reinsberg.de\/mtrpress\/wp-content\/uploads\/2019\/05\/cropped-Logo-neu.jpg\",\"width\":331,\"height\":263,\"caption\":\"MTR-Reinsberg\"},\"image\":{\"@id\":\"https:\/\/www.mtr-reinsberg.de\/mtrpress\/#\/schema\/logo\/image\/\"}}]}<\/script>\n<!-- \/ Yoast SEO plugin. -->","yoast_head_json":{"title":"Luxxon - MTR-Reinsberg - Seit \u00fcber 30 Jahren Motorroller in Hamburg","robots":{"index":"index","follow":"follow","max-snippet":"max-snippet:-1","max-image-preview":"max-image-preview:large","max-video-preview":"max-video-preview:-1"},"canonical":"https:\/\/www.mtr-reinsberg.de\/mtrpress\/produkte\/luxxon","og_locale":"de_DE","og_type":"article","og_title":"Luxxon - MTR-Reinsberg - Seit \u00fcber 30 Jahren Motorroller in Hamburg","og_description":"&nbsp; &nbsp; Die von der Firma Karcher 2007 ins Leben gerufenen Eigenmarke Luxxon beeinhaltet ein breites Sortiment an Motorrollern, Motorr\u00e4dern, ATV und Elektro-Mobilit\u00e4t. Die Fahrzeuge bieten moderne, junge Designs sowie top Fahrleistungen zu einem attraktiven Preis-\/Leistungsverh\u00e4ltnis. Der Vertrieb erfolgt in Deutschland und \u00d6sterreich \u00fcber den Fach- und Versandhandel sowie \u00fcber die Gro\u00dffl\u00e4che. &nbsp; &nbsp; Bitte [&hellip;]","og_url":"https:\/\/www.mtr-reinsberg.de\/mtrpress\/produkte\/luxxon","og_site_name":"MTR-Reinsberg - Seit \u00fcber 30 Jahren Motorroller in Hamburg","article_modified_time":"2022-04-11T09:15:24+00:00","og_image":[{"url":"http:\/\/www.mtr-reinsberg.de\/mtrpress\/wp-content\/uploads\/2013\/08\/luxxon.jpg"}],"twitter_card":"summary_large_image","twitter_misc":{"Gesch\u00e4tzte Lesezeit":"1\u00a0Minute"},"schema":{"@context":"https:\/\/schema.org","@graph":[{"@type":"WebPage","@id":"https:\/\/www.mtr-reinsberg.de\/mtrpress\/produkte\/luxxon","url":"https:\/\/www.mtr-reinsberg.de\/mtrpress\/produkte\/luxxon","name":"Luxxon - MTR-Reinsberg - Seit \u00fcber 30 Jahren Motorroller in Hamburg","isPartOf":{"@id":"https:\/\/www.mtr-reinsberg.de\/mtrpress\/#website"},"datePublished":"2008-11-30T17:07:44+00:00","dateModified":"2022-04-11T09:15:24+00:00","breadcrumb":{"@id":"https:\/\/www.mtr-reinsberg.de\/mtrpress\/produkte\/luxxon#breadcrumb"},"inLanguage":"de","potentialAction":[{"@type":"ReadAction","target":["https:\/\/www.mtr-reinsberg.de\/mtrpress\/produkte\/luxxon"]}]},{"@type":"BreadcrumbList","@id":"https:\/\/www.mtr-reinsberg.de\/mtrpress\/produkte\/luxxon#breadcrumb","itemListElement":[{"@type":"ListItem","position":1,"name":"Startseite","item":"https:\/\/www.mtr-reinsberg.de\/mtrpress\/"},{"@type":"ListItem","position":2,"name":"Produkte","item":"https:\/\/www.mtr-reinsberg.de\/mtrpress\/produkte"},{"@type":"ListItem","position":3,"name":"Luxxon"}]},{"@type":"WebSite","@id":"https:\/\/www.mtr-reinsberg.de\/mtrpress\/#website","url":"https:\/\/www.mtr-reinsberg.de\/mtrpress\/","name":"MTR-Reinsberg - Seit \u00fcber 30 Jahren Motorroller in Hamburg","description":"SYM-, Luxxon-, und Prike Vertragsh\u00e4ndler sowie Servicewerkstatt f\u00fcr Piaggio, Vespa, Kymco und Peugeot","publisher":{"@id":"https:\/\/www.mtr-reinsberg.de\/mtrpress\/#organization"},"potentialAction":[{"@type":"SearchAction","target":{"@type":"EntryPoint","urlTemplate":"https:\/\/www.mtr-reinsberg.de\/mtrpress\/?s={search_term_string}"},"query-input":"required name=search_term_string"}],"inLanguage":"de"},{"@type":"Organization","@id":"https:\/\/www.mtr-reinsberg.de\/mtrpress\/#organization","name":"MTR-Reinsberg","url":"https:\/\/www.mtr-reinsberg.de\/mtrpress\/","logo":{"@type":"ImageObject","inLanguage":"de","@id":"https:\/\/www.mtr-reinsberg.de\/mtrpress\/#\/schema\/logo\/image\/","url":"https:\/\/www.mtr-reinsberg.de\/mtrpress\/wp-content\/uploads\/2019\/05\/cropped-Logo-neu.jpg","contentUrl":"https:\/\/www.mtr-reinsberg.de\/mtrpress\/wp-content\/uploads\/2019\/05\/cropped-Logo-neu.jpg","width":331,"height":263,"caption":"MTR-Reinsberg"},"image":{"@id":"https:\/\/www.mtr-reinsberg.de\/mtrpress\/#\/schema\/logo\/image\/"}}]}},"_links":{"self":[{"href":"https:\/\/www.mtr-reinsberg.de\/mtrpress\/wp-json\/wp\/v2\/pages\/61","targetHints":{"allow":["GET"]}}],"collection":[{"href":"https:\/\/www.mtr-reinsberg.de\/mtrpress\/wp-json\/wp\/v2\/pages"}],"about":[{"href":"https:\/\/www.mtr-reinsberg.de\/mtrpress\/wp-json\/wp\/v2\/types\/page"}],"author":[{"embeddable":true,"href":"https:\/\/www.mtr-reinsberg.de\/mtrpress\/wp-json\/wp\/v2\/users\/1"}],"replies":[{"embeddable":true,"href":"https:\/\/www.mtr-reinsberg.de\/mtrpress\/wp-json\/wp\/v2\/comments?post=61"}],"version-history":[{"count":27,"href":"https:\/\/www.mtr-reinsberg.de\/mtrpress\/wp-json\/wp\/v2\/pages\/61\/revisions"}],"predecessor-version":[{"id":2167,"href":"https:\/\/www.mtr-reinsberg.de\/mtrpress\/wp-json\/wp\/v2\/pages\/61\/revisions\/2167"}],"up":[{"embeddable":true,"href":"https:\/\/www.mtr-reinsberg.de\/mtrpress\/wp-json\/wp\/v2\/pages\/35"}],"wp:attachment":[{"href":"https:\/\/www.mtr-reinsberg.de\/mtrpress\/wp-json\/wp\/v2\/media?parent=61"}],"curies":[{"name":"wp","href":"https:\/\/api.w.org\/{rel}","templated":true}]}}